{"id":726,"date":"2023-07-06T13:16:54","date_gmt":"2023-07-06T11:16:54","guid":{"rendered":"https:\/\/www.someware.de\/fruitbowl\/wordpress\/?page_id=726"},"modified":"2024-02-05T13:48:35","modified_gmt":"2024-02-05T12:48:35","slug":"referenzen","status":"publish","type":"page","link":"https:\/\/www.someware.de\/fruitbowl\/wordpress\/referenzen\/","title":{"rendered":"Referenzen"},"content":{"rendered":"\n<h2 class=\"wp-block-heading\">Andreas Witcomb, Adelaide, Australia<\/h2>\n\n\n\n<p>&#8220;Herzlichen Dank f\u00fcr die sch\u00f6nen B\u00fccher von dir, die Greg zu Weihnachten mitgebracht hat. L. hat die Geschichte &amp; Bilder toll gefunden\u00a0 (obwohl sie noch nicht alles versteht), R. werde ich sp\u00e4ter die Geschichte vorlesen. Die Kleinkinder meiner Nichte hat auch ein Buch bekommen und bedanken sich daf\u00fcr. Und wir Erwachsenen fanden es ganz toll!!!&#8221;<\/p>\n\n\n\n<p>Thanks to you guys for helping with the translation and for having the first book to arrive in Australia! \u2014 Dominik<\/p>\n\n\n\n<figure class=\"wp-block-image size-large\"><img loading=\"lazy\" decoding=\"async\" width=\"1024\" height=\"768\" src=\"https:\/\/www.someware.de\/fruitbowl\/wordpress\/wp-content\/uploads\/2024\/02\/20240104-Andrea-reading-lq-1024x768.jpg\" alt=\"\" class=\"wp-image-961\" srcset=\"https:\/\/www.someware.de\/fruitbowl\/wordpress\/wp-content\/uploads\/2024\/02\/20240104-Andrea-reading-lq-1024x768.jpg 1024w, https:\/\/www.someware.de\/fruitbowl\/wordpress\/wp-content\/uploads\/2024\/02\/20240104-Andrea-reading-lq-300x225.jpg 300w, https:\/\/www.someware.de\/fruitbowl\/wordpress\/wp-content\/uploads\/2024\/02\/20240104-Andrea-reading-lq-768x576.jpg 768w, https:\/\/www.someware.de\/fruitbowl\/wordpress\/wp-content\/uploads\/2024\/02\/20240104-Andrea-reading-lq.jpg 1245w\" sizes=\"auto, (max-width: 767px) 89vw, (max-width: 1000px) 54vw, (max-width: 1071px) 543px, 580px\" \/><\/figure>\n\n\n\n<h2 class=\"wp-block-heading\">Prof. Dr. Andreas Schmauder<\/h2>\n\n\n\n<p>Direktor Kulturzentrum Festung Ehrenbreitstein \/ Landesmuseum Koblenz<br><a href=\"http:\/\/www.tor-zum-welterbe.de\" data-type=\"link\" data-id=\"www.tor-zum-welterbe.de\" target=\"_blank\" rel=\"noreferrer noopener\">www.tor-zum-welterbe.de<\/a><\/p>\n\n\n\n<p>Die St\u00e4rke des Buches von Dominik Bl\u00f6chl liegt darin, ein Zukunftsthema, das an uns alle angeht, Kindern auf verst\u00e4ndliche und unterhaltsame Weise zu erz\u00e4hlen und zu vermitteln und gleichsam die Eltern und Gro\u00dfeltern zu sensibilisieren. Eine sehr \u00fcberzeugende Vermittlung einer komplexen Thematik ohne erhobenen Zeigefinger.<\/p>\n\n\n\n<h2 class=\"wp-block-heading\">Sil G.<\/h2>\n\n\n\n<p>Hi Dominik, alles prima angekommen &#8211; welch Freude, H\u00f6r-Genu\u00df und Augenweide! DANKE!!!<br>2. Oktober 2023<\/p>\n\n\n\n<h2 class=\"wp-block-heading\">Die Stangenbohnen-Partei \/ The String Bean Party<\/h2>\n\n\n<div class=\"wp-block-image\">\n<figure class=\"alignright is-resized\"><img loading=\"lazy\" decoding=\"async\" width=\"1010\" height=\"640\" src=\"https:\/\/www.someware.de\/fruitbowl\/wordpress\/wp-content\/uploads\/2023\/07\/string_bean_party.jpg\" alt=\"\" class=\"wp-image-727\" style=\"width:226px;height:142px\" srcset=\"https:\/\/www.someware.de\/fruitbowl\/wordpress\/wp-content\/uploads\/2023\/07\/string_bean_party.jpg 1010w, https:\/\/www.someware.de\/fruitbowl\/wordpress\/wp-content\/uploads\/2023\/07\/string_bean_party-300x190.jpg 300w, https:\/\/www.someware.de\/fruitbowl\/wordpress\/wp-content\/uploads\/2023\/07\/string_bean_party-768x487.jpg 768w\" sizes=\"auto, (max-width: 767px) 89vw, (max-width: 1000px) 54vw, (max-width: 1071px) 543px, 580px\" \/><\/figure>\n<\/div>\n\n\n<p>This wonderful book helps us playfully examine and hopefully reevaluate our relationship to the idea of waste, by humourously exhibiting its absurdity in modern society. The more we are able to reintegrate ourselves into the cyclical nature of life, the more gifts there are to go around in all directions\u2026 Love the shit! \ud83d\ude18 The String Bean Party<br><a rel=\"noreferrer noopener\" href=\"https:\/\/www.thestringbeanparty.com\/\" target=\"_blank\">www.thestringbeanparty.com<\/a><br>4. Juli 2023<\/p>\n","protected":false},"excerpt":{"rendered":"<p>Andreas Witcomb, Adelaide, Australia &#8220;Herzlichen Dank f\u00fcr die sch\u00f6nen B\u00fccher von dir, die Greg zu Weihnachten mitgebracht hat. L. hat die Geschichte &amp; Bilder toll gefunden\u00a0 (obwohl sie noch nicht &hellip; <\/p>\n<p class=\"link-more\"><a href=\"https:\/\/www.someware.de\/fruitbowl\/wordpress\/referenzen\/\" class=\"more-link\"><span class=\"screen-reader-text\">\u201eReferenzen\u201c<\/span> weiterlesen<\/a><\/p>\n","protected":false},"author":1,"featured_media":0,"parent":0,"menu_order":0,"comment_status":"closed","ping_status":"closed","template":"","meta":{"_EventAllDay":false,"_EventTimezone":"","_EventStartDate":"","_EventEndDate":"","_EventStartDateUTC":"","_EventEndDateUTC":"","_EventShowMap":false,"_EventShowMapLink":false,"_EventURL":"","_EventCost":"","_EventCostDescription":"","_EventCurrencySymbol":"","_EventCurrencyCode":"","_EventCurrencyPosition":"","_EventDateTimeSeparator":"","_EventTimeRangeSeparator":"","_EventOrganizerID":[],"_EventVenueID":[],"_OrganizerEmail":"","_OrganizerPhone":"","_OrganizerWebsite":"","_VenueAddress":"","_VenueCity":"","_VenueCountry":"","_VenueProvince":"","_VenueState":"","_VenueZip":"","_VenuePhone":"","_VenueURL":"","_VenueStateProvince":"","_VenueLat":"","_VenueLng":"","_VenueShowMap":false,"_VenueShowMapLink":false,"footnotes":""},"class_list":["post-726","page","type-page","status-publish","hentry"],"_links":{"self":[{"href":"https:\/\/www.someware.de\/fruitbowl\/wordpress\/wp-json\/wp\/v2\/pages\/726","targetHints":{"allow":["GET"]}}],"collection":[{"href":"https:\/\/www.someware.de\/fruitbowl\/wordpress\/wp-json\/wp\/v2\/pages"}],"about":[{"href":"https:\/\/www.someware.de\/fruitbowl\/wordpress\/wp-json\/wp\/v2\/types\/page"}],"author":[{"embeddable":true,"href":"https:\/\/www.someware.de\/fruitbowl\/wordpress\/wp-json\/wp\/v2\/users\/1"}],"replies":[{"embeddable":true,"href":"https:\/\/www.someware.de\/fruitbowl\/wordpress\/wp-json\/wp\/v2\/comments?post=726"}],"version-history":[{"count":8,"href":"https:\/\/www.someware.de\/fruitbowl\/wordpress\/wp-json\/wp\/v2\/pages\/726\/revisions"}],"predecessor-version":[{"id":964,"href":"https:\/\/www.someware.de\/fruitbowl\/wordpress\/wp-json\/wp\/v2\/pages\/726\/revisions\/964"}],"wp:attachment":[{"href":"https:\/\/www.someware.de\/fruitbowl\/wordpress\/wp-json\/wp\/v2\/media?parent=726"}],"curies":[{"name":"wp","href":"https:\/\/api.w.org\/{rel}","templated":true}]}}