{"id":7,"date":"2020-10-03T14:48:58","date_gmt":"2020-10-03T12:48:58","guid":{"rendered":"http:\/\/demo.athemes.com\/sp-plumber\/?page_id=7"},"modified":"2026-03-09T14:28:11","modified_gmt":"2026-03-09T13:28:11","slug":"home","status":"publish","type":"page","link":"https:\/\/www.someware.de\/fruitbowl\/wordpress\/","title":{"rendered":"Ein witziges &#038; charmantes Kinderbuch in 3 Sprachen zu den Nachhaltigkeitsthemen Kreislaufwirtschaft, Bodenleben, Sanit\u00e4r- und N\u00e4hrstoffwende von Dominik Bl\u00f6chl (Bodnegg) mit Illustrationen von Horacio Pelayo (Vogt\/Argentinien)."},"content":{"rendered":"\n<p><\/p>\n\n\n\n<figure class=\"wp-block-gallery has-nested-images columns-default is-cropped wp-block-gallery-1 is-layout-flex wp-block-gallery-is-layout-flex\">\n<figure class=\"wp-block-image size-large is-style-default\"><img loading=\"lazy\" decoding=\"async\" width=\"1024\" height=\"1024\" data-id=\"744\" src=\"https:\/\/www.someware.de\/fruitbowl\/wordpress\/wp-content\/uploads\/2023\/07\/WMDM-Produktfoto-liegend-quadr-S3170001-1024x1024.jpg\" alt=\"\" class=\"wp-image-744\" srcset=\"https:\/\/www.someware.de\/fruitbowl\/wordpress\/wp-content\/uploads\/2023\/07\/WMDM-Produktfoto-liegend-quadr-S3170001-1024x1024.jpg 1024w, https:\/\/www.someware.de\/fruitbowl\/wordpress\/wp-content\/uploads\/2023\/07\/WMDM-Produktfoto-liegend-quadr-S3170001-300x300.jpg 300w, https:\/\/www.someware.de\/fruitbowl\/wordpress\/wp-content\/uploads\/2023\/07\/WMDM-Produktfoto-liegend-quadr-S3170001-150x150.jpg 150w, https:\/\/www.someware.de\/fruitbowl\/wordpress\/wp-content\/uploads\/2023\/07\/WMDM-Produktfoto-liegend-quadr-S3170001-768x768.jpg 768w, https:\/\/www.someware.de\/fruitbowl\/wordpress\/wp-content\/uploads\/2023\/07\/WMDM-Produktfoto-liegend-quadr-S3170001-1536x1536.jpg 1536w, https:\/\/www.someware.de\/fruitbowl\/wordpress\/wp-content\/uploads\/2023\/07\/WMDM-Produktfoto-liegend-quadr-S3170001-2048x2048.jpg 2048w, https:\/\/www.someware.de\/fruitbowl\/wordpress\/wp-content\/uploads\/2023\/07\/WMDM-Produktfoto-liegend-quadr-S3170001-100x100.jpg 100w\" sizes=\"auto, (max-width: 767px) 89vw, (max-width: 1000px) 54vw, (max-width: 1071px) 543px, 580px\" \/><\/figure>\n<\/figure>\n\n\n\n<p>Dieses dreisprachige (deu\/spa\/eng) Kinder-Bilderbuch (ab 3 Jahren) eint uns: Wir essen, wir m\u00fcssen und wir machen. Es thematisiert die in Vergessenheit geratene Kreislaufwirtschaft: Wir wollen uns wieder als Teil des Kreislaufs der Natur verstehen, als Teil des best\u00e4rkenden gro\u00dfen Ganzen! Was muss, das muss! \u2013 Humus.<\/p>\n\n\n\n<figure class=\"wp-block-gallery has-nested-images columns-default is-cropped wp-block-gallery-2 is-layout-flex wp-block-gallery-is-layout-flex\">\n<figure class=\"wp-block-image size-large\"><img loading=\"lazy\" decoding=\"async\" width=\"1024\" height=\"682\" data-id=\"504\" src=\"https:\/\/www.someware.de\/fruitbowl\/wordpress\/wp-content\/uploads\/2023\/06\/Fusion-Wueste-Fruehstueck-1024x682.jpg\" alt=\"\" class=\"wp-image-504\" srcset=\"https:\/\/www.someware.de\/fruitbowl\/wordpress\/wp-content\/uploads\/2023\/06\/Fusion-Wueste-Fruehstueck-1024x682.jpg 1024w, https:\/\/www.someware.de\/fruitbowl\/wordpress\/wp-content\/uploads\/2023\/06\/Fusion-Wueste-Fruehstueck-300x200.jpg 300w, https:\/\/www.someware.de\/fruitbowl\/wordpress\/wp-content\/uploads\/2023\/06\/Fusion-Wueste-Fruehstueck-768x512.jpg 768w, https:\/\/www.someware.de\/fruitbowl\/wordpress\/wp-content\/uploads\/2023\/06\/Fusion-Wueste-Fruehstueck-1536x1023.jpg 1536w, https:\/\/www.someware.de\/fruitbowl\/wordpress\/wp-content\/uploads\/2023\/06\/Fusion-Wueste-Fruehstueck.jpg 1900w\" sizes=\"auto, (max-width: 767px) 89vw, (max-width: 1000px) 54vw, (max-width: 1071px) 543px, 580px\" \/><\/figure>\n\n\n\n<figure class=\"wp-block-image size-large\"><img loading=\"lazy\" decoding=\"async\" width=\"1024\" height=\"720\" data-id=\"506\" src=\"https:\/\/www.someware.de\/fruitbowl\/wordpress\/wp-content\/uploads\/2023\/06\/WMDM-Elefant-in-der-Stadt-1024x720.jpg\" alt=\"\" class=\"wp-image-506\" srcset=\"https:\/\/www.someware.de\/fruitbowl\/wordpress\/wp-content\/uploads\/2023\/06\/WMDM-Elefant-in-der-Stadt-1024x720.jpg 1024w, https:\/\/www.someware.de\/fruitbowl\/wordpress\/wp-content\/uploads\/2023\/06\/WMDM-Elefant-in-der-Stadt-300x211.jpg 300w, https:\/\/www.someware.de\/fruitbowl\/wordpress\/wp-content\/uploads\/2023\/06\/WMDM-Elefant-in-der-Stadt-768x540.jpg 768w, https:\/\/www.someware.de\/fruitbowl\/wordpress\/wp-content\/uploads\/2023\/06\/WMDM-Elefant-in-der-Stadt-1536x1080.jpg 1536w, https:\/\/www.someware.de\/fruitbowl\/wordpress\/wp-content\/uploads\/2023\/06\/WMDM-Elefant-in-der-Stadt-2048x1439.jpg 2048w\" sizes=\"auto, (max-width: 767px) 89vw, (max-width: 1000px) 54vw, (max-width: 1071px) 543px, 580px\" \/><\/figure>\n\n\n\n<figure class=\"wp-block-image size-large\"><img loading=\"lazy\" decoding=\"async\" width=\"723\" height=\"1024\" data-id=\"505\" src=\"https:\/\/www.someware.de\/fruitbowl\/wordpress\/wp-content\/uploads\/2023\/06\/WMDM-Elefant-verkneift-sichs-723x1024.jpg\" alt=\"\" class=\"wp-image-505\" srcset=\"https:\/\/www.someware.de\/fruitbowl\/wordpress\/wp-content\/uploads\/2023\/06\/WMDM-Elefant-verkneift-sichs-723x1024.jpg 723w, https:\/\/www.someware.de\/fruitbowl\/wordpress\/wp-content\/uploads\/2023\/06\/WMDM-Elefant-verkneift-sichs-212x300.jpg 212w, https:\/\/www.someware.de\/fruitbowl\/wordpress\/wp-content\/uploads\/2023\/06\/WMDM-Elefant-verkneift-sichs-768x1087.jpg 768w, https:\/\/www.someware.de\/fruitbowl\/wordpress\/wp-content\/uploads\/2023\/06\/WMDM-Elefant-verkneift-sichs-1085x1536.jpg 1085w, https:\/\/www.someware.de\/fruitbowl\/wordpress\/wp-content\/uploads\/2023\/06\/WMDM-Elefant-verkneift-sichs-1447x2048.jpg 1447w, https:\/\/www.someware.de\/fruitbowl\/wordpress\/wp-content\/uploads\/2023\/06\/WMDM-Elefant-verkneift-sichs-scaled.jpg 1808w\" sizes=\"auto, (max-width: 723px) 100vw, 723px\" \/><\/figure>\n<\/figure>\n\n\n\n<p>Gro\u00df und Klein k\u00f6nnen mithilfe dieses Buchs zu wahren Kreislauf-Held:innen werden! Gemeinsam k\u00f6nnen wir die Zusammenh\u00e4nge von \u201cauf dem Teller\u201d bis \u201czur\u00fcck in den Boden\u201d wiederentdecken. Denn nur zusammen kann eine nachhaltige Transformation gelingen! Mit viel Witz und Charme wird das Thema der N\u00e4hrstoffwende auch f\u00fcr unsere j\u00fcngste Leserschaft verst\u00e4ndlich. Die Fruchtbarkeit unserer B\u00f6den ist unser Erbe an die Zukunft und somit Lebensgrundlage f\u00fcr die nachfolgenden Generationen. Eine rundum saubere Sache! Was muss, das muss \u2013 Humus! Inklusive gratis Kinderlied Download zum Mitsingen, A3 Mikro-Organismen Wimmel-Poster, kleines Klossar und Humus-Netzwerk Kontakte f\u00fcr Erwachsene.<\/p>\n\n\n\n<h2 class=\"wp-block-heading\">In Stichworten<\/h2>\n\n\n\n<ul class=\"wp-block-list\">\n<li>3-sprachiges (deu\/spa\/eng) Bilderbuch zum Nachhaltigkeitsthema Kreislaufwirtschaft &amp; Sanit\u00e4rwende ab 3 Jahren<\/li>\n\n\n\n<li>Wir wollen uns wieder als Teil des Kreislaufs der Natur verstehen<\/li>\n\n\n\n<li>Zusammenh\u00e4nge von \u201cauf dem Teller\u201d bis \u201czur\u00fcck in den Boden\u201d wieder entdecken<\/li>\n\n\n\n<li>Fruchtbarkeit unserer B\u00f6den ist Erbe an die Zukunft und somit Lebensgrundlage<\/li>\n<\/ul>\n\n\n\n<h2 class=\"wp-block-heading\">Zutaten<\/h2>\n\n\n\n<ul class=\"wp-block-list\">\n<li>inkl. A3 Mikroorganismen Wimmelposter<\/li>\n\n\n\n<li>gratis Kinderlied-Download zum Mitsingen<\/li>\n\n\n\n<li>kleines \u201cKlossar&#8221; mit ca. 50 wichtigen Begriffen zu Toilette, Humus und Kreislaufwirtschaft<\/li>\n\n\n\n<li>hochwertige Fadenbindung, gedruckt mit epple Extreme PSO SF Druckfarben (deinkable, C2C platinum certified) auf Inapa enviro polar, ungestrichenem Recycling-Papier<\/li>\n\n\n\n<li>Erscheinungsdatum: Ostern 2023<\/li>\n\n\n\n<li>ISBN 978-3-00-073349-9<\/li>\n\n\n\n<li>Abmessungen: 21,5 x 21,5 cm<\/li>\n\n\n\n<li>Gewicht: 349g inkl. eingelegtem Poster<\/li>\n\n\n\n<li>Verkaufspreis: 22\u20ac<\/li>\n<\/ul>\n\n\n\n<div class=\"wp-block-buttons is-layout-flex wp-block-buttons-is-layout-flex\">\n<div class=\"wp-block-button\"><a class=\"wp-block-button__link wp-element-button\" href=\"https:\/\/www.someware.de\/fruitbowl\/wordpress\/bestellen\/\">Bestellen! | Pedir! | Order!<\/a><\/div>\n<\/div>\n\n\n\n<p><\/p>\n\n\n\n<p>Das Crowdfunding endete erfolgreich am 18. Dezember 2022. Hier ist das Video zur Kampagne | El crowdfunding finaliz\u00f3 con \u00e9xito el 18 de diciembre de 2022. Aqu\u00ed est\u00e1 el v\u00eddeo de la campa\u00f1a | Crowdfunding ended succesfully on December 18th 2022. Here&#8217;s the video for the campaign. <\/p>\n\n\n\n<figure class=\"wp-block-embed is-type-video is-provider-vimeo wp-block-embed-vimeo\"><div class=\"wp-block-embed__wrapper\">\n<iframe loading=\"lazy\" title=\"Was muss, das muss - Ein Elefant macht in die Stadt! Crowdfunding Video\" src=\"https:\/\/player.vimeo.com\/video\/679160004?dnt=1&amp;app_id=122963\" width=\"525\" height=\"295\" frameborder=\"0\" allow=\"autoplay; fullscreen; picture-in-picture; clipboard-write; encrypted-media; web-share\" referrerpolicy=\"strict-origin-when-cross-origin\"><\/iframe>\n<\/div><\/figure>\n\n\n\n<div style=\"padding:0px\" class=\"wp-block-tnp-minimal\"><h2>Zum Newsletter eintragen \/ Suscribirse al bolet\u00edn \/ Subscribe to our newsletter!<\/h2><div><div class=\"tnp tnp-subscription-minimal  \"><form action=\"https:\/\/www.someware.de\/fruitbowl\/wordpress\/wp-admin\/admin-ajax.php?action=tnp&amp;na=s\" method=\"post\" style=\"text-align: center\"><input type=\"hidden\" name=\"nr\" value=\"minimal\">\n<input type=\"hidden\" name=\"nlang\" value=\"\">\n<input class=\"tnp-email\" type=\"email\" required name=\"ne\" value=\"\" placeholder=\"Email\"><input class=\"tnp-submit\" type=\"submit\" value=\"Abonnieren\" style=\"\">\n<div class=\"tnp-field tnp-privacy-field\"><label><input type=\"checkbox\" name=\"ny\" required class=\"tnp-privacy\"> Indem Du fortf\u00e4hrst, akzeptierst Du unsere Datenschutzerkl\u00e4rung.<\/label><\/div><\/form><\/div>\n<\/div><\/div>\n","protected":false},"excerpt":{"rendered":"<p>Dieses dreisprachige (deu\/spa\/eng) Kinder-Bilderbuch (ab 3 Jahren) eint uns: Wir essen, wir m\u00fcssen und wir machen. Es thematisiert die in Vergessenheit geratene Kreislaufwirtschaft: Wir wollen uns wieder als Teil des &hellip; <\/p>\n<p class=\"link-more\"><a href=\"https:\/\/www.someware.de\/fruitbowl\/wordpress\/\" class=\"more-link\"><span class=\"screen-reader-text\">\u201eEin witziges &#038; charmantes Kinderbuch in 3 Sprachen zu den Nachhaltigkeitsthemen Kreislaufwirtschaft, Bodenleben, Sanit\u00e4r- und N\u00e4hrstoffwende von Dominik Bl\u00f6chl (Bodnegg) mit Illustrationen von Horacio Pelayo (Vogt\/Argentinien).\u201c<\/span> weiterlesen<\/a><\/p>\n","protected":false},"author":1,"featured_media":0,"parent":0,"menu_order":0,"comment_status":"closed","ping_status":"closed","template":"","meta":{"_EventAllDay":false,"_EventTimezone":"","_EventStartDate":"","_EventEndDate":"","_EventStartDateUTC":"","_EventEndDateUTC":"","_EventShowMap":false,"_EventShowMapLink":false,"_EventURL":"","_EventCost":"","_EventCostDescription":"","_EventCurrencySymbol":"","_EventCurrencyCode":"","_EventCurrencyPosition":"","_EventDateTimeSeparator":"","_EventTimeRangeSeparator":"","_EventOrganizerID":[],"_EventVenueID":[],"_OrganizerEmail":"","_OrganizerPhone":"","_OrganizerWebsite":"","_VenueAddress":"","_VenueCity":"","_VenueCountry":"","_VenueProvince":"","_VenueState":"","_VenueZip":"","_VenuePhone":"","_VenueURL":"","_VenueStateProvince":"","_VenueLat":"","_VenueLng":"","_VenueShowMap":false,"_VenueShowMapLink":false,"footnotes":""},"class_list":["post-7","page","type-page","status-publish","hentry"],"_links":{"self":[{"href":"https:\/\/www.someware.de\/fruitbowl\/wordpress\/wp-json\/wp\/v2\/pages\/7","targetHints":{"allow":["GET"]}}],"collection":[{"href":"https:\/\/www.someware.de\/fruitbowl\/wordpress\/wp-json\/wp\/v2\/pages"}],"about":[{"href":"https:\/\/www.someware.de\/fruitbowl\/wordpress\/wp-json\/wp\/v2\/types\/page"}],"author":[{"embeddable":true,"href":"https:\/\/www.someware.de\/fruitbowl\/wordpress\/wp-json\/wp\/v2\/users\/1"}],"replies":[{"embeddable":true,"href":"https:\/\/www.someware.de\/fruitbowl\/wordpress\/wp-json\/wp\/v2\/comments?post=7"}],"version-history":[{"count":30,"href":"https:\/\/www.someware.de\/fruitbowl\/wordpress\/wp-json\/wp\/v2\/pages\/7\/revisions"}],"predecessor-version":[{"id":994,"href":"https:\/\/www.someware.de\/fruitbowl\/wordpress\/wp-json\/wp\/v2\/pages\/7\/revisions\/994"}],"wp:attachment":[{"href":"https:\/\/www.someware.de\/fruitbowl\/wordpress\/wp-json\/wp\/v2\/media?parent=7"}],"curies":[{"name":"wp","href":"https:\/\/api.w.org\/{rel}","templated":true}]}}