{"id":699,"date":"2023-06-29T12:50:56","date_gmt":"2023-06-29T10:50:56","guid":{"rendered":"https:\/\/www.someware.de\/fruitbowl\/wordpress\/?page_id=699"},"modified":"2023-06-29T12:50:56","modified_gmt":"2023-06-29T10:50:56","slug":"archiv","status":"publish","type":"page","link":"https:\/\/www.someware.de\/fruitbowl\/wordpress\/archiv\/","title":{"rendered":"Archiv"},"content":{"rendered":"\n<h1 class=\"wp-block-heading\">Schw\u00e4bische Zeitung (Friedrichshafen) <br>16 Juni 2023<\/h1>\n\n\n\n<h2 class=\"wp-block-heading\">Wenn der Elefant mal muss<br>Dominik Bl\u00f6chl und Horacio Pelayo stellen ungew\u00f6hnliches Kinderbuch vor<\/h2>\n\n\n<div class=\"wp-block-image\">\n<figure class=\"alignright size-large is-resized\"><img decoding=\"async\" src=\"https:\/\/www.someware.de\/fruitbowl\/wordpress\/wp-content\/uploads\/2023\/06\/WMDM-Was-muss-das-muss-Ein-Elefant-macht-in-die-Stadt-Autor-Bloechl-Illustrator-Pelayo-edited-scaled.jpg\" alt=\"\" class=\"wp-image-701\" width=\"221\" srcset=\"https:\/\/www.someware.de\/fruitbowl\/wordpress\/wp-content\/uploads\/2023\/06\/WMDM-Was-muss-das-muss-Ein-Elefant-macht-in-die-Stadt-Autor-Bloechl-Illustrator-Pelayo-edited-scaled.jpg 2560w, https:\/\/www.someware.de\/fruitbowl\/wordpress\/wp-content\/uploads\/2023\/06\/WMDM-Was-muss-das-muss-Ein-Elefant-macht-in-die-Stadt-Autor-Bloechl-Illustrator-Pelayo-edited-300x169.jpg 300w, https:\/\/www.someware.de\/fruitbowl\/wordpress\/wp-content\/uploads\/2023\/06\/WMDM-Was-muss-das-muss-Ein-Elefant-macht-in-die-Stadt-Autor-Bloechl-Illustrator-Pelayo-edited-1024x576.jpg 1024w, https:\/\/www.someware.de\/fruitbowl\/wordpress\/wp-content\/uploads\/2023\/06\/WMDM-Was-muss-das-muss-Ein-Elefant-macht-in-die-Stadt-Autor-Bloechl-Illustrator-Pelayo-edited-768x432.jpg 768w, https:\/\/www.someware.de\/fruitbowl\/wordpress\/wp-content\/uploads\/2023\/06\/WMDM-Was-muss-das-muss-Ein-Elefant-macht-in-die-Stadt-Autor-Bloechl-Illustrator-Pelayo-edited-1536x864.jpg 1536w, https:\/\/www.someware.de\/fruitbowl\/wordpress\/wp-content\/uploads\/2023\/06\/WMDM-Was-muss-das-muss-Ein-Elefant-macht-in-die-Stadt-Autor-Bloechl-Illustrator-Pelayo-edited-2048x1152.jpg 2048w\" sizes=\"(max-width: 767px) 89vw, (max-width: 1000px) 54vw, (max-width: 1071px) 543px, 580px\" \/><\/figure>\n<\/div>\n\n\n<p>(knf\/sz) &#8211; Die Zusammenh\u00e4nge von \u201eauf dem Teller\u201c bis \u201ezur\u00fcck in den Boden\u201chaben Dominik Bl\u00f6chl und Horacio Pelayo in einem besonderen Kinderbuch verarbeitet. Das Buch mit dem Titel \u201eWas muss, das muss! \u2013 Ein Elefant macht in die Stadt\u201cstellt das kreative Duo beim Kulturcampus am Samstag, 17. Juni, im Kulturhaus Caserne vor. Um 14, 15, 16 und 17 Uhr lesen sie aus ihrem Buch, dazu gibt es Musik und kindgerechte Gespr\u00e4che \u00fcber das Thema, das ihnen am Herzen liegt: die Kreislaufwirtschaft.<\/p>\n\n\n\n<p>In dem von Bl\u00f6chl anschaulich geschriebenen und von Pelayo zauberhaft illustrierten Buch geht es um ein Thema, \u00fcber das normalerweise nicht so viel gesprochen wird: um Ausscheidungen und wie diese in den nat\u00fcrlichen Kreislauf zur\u00fcckgef\u00fchrt werden k\u00f6nnen. Im Mittelpunkt steht ein Elefanten, der in eine Stadt kommt, dort eine Toilette sucht, aber keine findet. Deshalb erledigt er sein Gesch\u00e4ft auf einem Rasen. Das ruft zun\u00e4chst \u00c4rger bei den Menschen hervor. Nach einiger Zeit aber wachsen an besagter Stelle zahlreiche Blumen. Spielerisch werden so die Themen Bodenleben, Diversit\u00e4t und Humusaufbau erkl\u00e4rt.<\/p>\n\n\n\n<p>Ziel sei es, \u201emit dem Tabu der nat\u00fcrlichsten Sache der Welt zu brechen und deren Wert f\u00fcr unsere B\u00f6den wiederzuentdecken\u201c, sagt Bl\u00f6chl. Er wolle die Zusammenh\u00e4nge von \u201eauf dem Teller\u201cbis \u201ezur\u00fcck in den Boden\u201caufzeigen, die \u201ein Vergessenheit geratene Kreislaufwirtschaft\u201cthematisieren, eine alternative Toilettenkultur ins Gespr\u00e4ch bringen und erkl\u00e4ren, was es mit Humus auf sich hat. Dominik Bl\u00f6chl ist Musiker aus Bodnegg, der jetzt mit dem Kinderbuch auch als Autor t\u00e4tig wird. Horacio Pelayo ist K\u00fcnstler, stammt aus Argentinien und lebt in Vogt.<\/p>\n\n\n\n<p>Das Buch ist im Eigenverlag erschienen, dreisprachig (deutsch, englisch, spanisch) verfasst, hat 60 illustrierte Seiten und kostet 22 Euro. Weitere Infos unter www.elefantmachtindiestadt.de und www.artepelayo.com.<\/p>\n","protected":false},"excerpt":{"rendered":"<p>Schw\u00e4bische Zeitung (Friedrichshafen) 16 Juni 2023 Wenn der Elefant mal mussDominik Bl\u00f6chl und Horacio Pelayo stellen ungew\u00f6hnliches Kinderbuch vor (knf\/sz) &#8211; Die Zusammenh\u00e4nge von \u201eauf dem Teller\u201c bis \u201ezur\u00fcck in &hellip; <\/p>\n<p class=\"link-more\"><a href=\"https:\/\/www.someware.de\/fruitbowl\/wordpress\/archiv\/\" class=\"more-link\"><span class=\"screen-reader-text\">\u201eArchiv\u201c<\/span> weiterlesen<\/a><\/p>\n","protected":false},"author":1,"featured_media":0,"parent":0,"menu_order":0,"comment_status":"closed","ping_status":"closed","template":"","meta":{"_EventAllDay":false,"_EventTimezone":"","_EventStartDate":"","_EventEndDate":"","_EventStartDateUTC":"","_EventEndDateUTC":"","_EventShowMap":false,"_EventShowMapLink":false,"_EventURL":"","_EventCost":"","_EventCostDescription":"","_EventCurrencySymbol":"","_EventCurrencyCode":"","_EventCurrencyPosition":"","_EventDateTimeSeparator":"","_EventTimeRangeSeparator":"","_EventOrganizerID":[],"_EventVenueID":[],"_OrganizerEmail":"","_OrganizerPhone":"","_OrganizerWebsite":"","_VenueAddress":"","_VenueCity":"","_VenueCountry":"","_VenueProvince":"","_VenueState":"","_VenueZip":"","_VenuePhone":"","_VenueURL":"","_VenueStateProvince":"","_VenueLat":"","_VenueLng":"","_VenueShowMap":false,"_VenueShowMapLink":false,"footnotes":""},"class_list":["post-699","page","type-page","status-publish","hentry"],"_links":{"self":[{"href":"https:\/\/www.someware.de\/fruitbowl\/wordpress\/wp-json\/wp\/v2\/pages\/699","targetHints":{"allow":["GET"]}}],"collection":[{"href":"https:\/\/www.someware.de\/fruitbowl\/wordpress\/wp-json\/wp\/v2\/pages"}],"about":[{"href":"https:\/\/www.someware.de\/fruitbowl\/wordpress\/wp-json\/wp\/v2\/types\/page"}],"author":[{"embeddable":true,"href":"https:\/\/www.someware.de\/fruitbowl\/wordpress\/wp-json\/wp\/v2\/users\/1"}],"replies":[{"embeddable":true,"href":"https:\/\/www.someware.de\/fruitbowl\/wordpress\/wp-json\/wp\/v2\/comments?post=699"}],"version-history":[{"count":1,"href":"https:\/\/www.someware.de\/fruitbowl\/wordpress\/wp-json\/wp\/v2\/pages\/699\/revisions"}],"predecessor-version":[{"id":702,"href":"https:\/\/www.someware.de\/fruitbowl\/wordpress\/wp-json\/wp\/v2\/pages\/699\/revisions\/702"}],"wp:attachment":[{"href":"https:\/\/www.someware.de\/fruitbowl\/wordpress\/wp-json\/wp\/v2\/media?parent=699"}],"curies":[{"name":"wp","href":"https:\/\/api.w.org\/{rel}","templated":true}]}}