{"id":635,"date":"2023-06-21T13:05:38","date_gmt":"2023-06-21T11:05:38","guid":{"rendered":"https:\/\/www.someware.de\/fruitbowl\/wordpress\/?page_id=635"},"modified":"2023-08-09T12:54:27","modified_gmt":"2023-08-09T10:54:27","slug":"lesung","status":"publish","type":"page","link":"https:\/\/www.someware.de\/fruitbowl\/wordpress\/lesung\/","title":{"rendered":"Lesung"},"content":{"rendered":"\n<h1 class=\"wp-block-heading\">Show-Lesung<\/h1>\n\n\n\n<figure class=\"wp-block-embed is-type-video is-provider-vimeo wp-block-embed-vimeo\"><div class=\"wp-block-embed__wrapper\">\n<iframe loading=\"lazy\" title=\"Was muss, das muss - Lesung mit Klavierbegleitung\" src=\"https:\/\/player.vimeo.com\/video\/852970849?dnt=1&amp;app_id=122963\" width=\"525\" height=\"295\" frameborder=\"0\" allow=\"autoplay; fullscreen; picture-in-picture; clipboard-write\"><\/iframe>\n<\/div><\/figure>\n\n\n\n<h2 class=\"wp-block-heading\" id=\"block-6f18a516-bb18-4fdd-bd61-026c6c29047b\">Lesung mit Autor (ca. 40 min)<\/h2>\n\n\n\n<ul class=\"wp-block-list\" id=\"block-dc2fb855-e440-4aeb-bf90-39aa23b73382\">\n<li>Lied zum Buch live gesungen und gespielt auf der Gitarre, Klavier oder Akkordeon von Dominik Bl\u00f6chl (Autor)<\/li>\n\n\n\n<li>Lesung (mit teilweiser tr\u00e4umerischer, verzauberter oder explosiver Untermalung der Geschichte auf dem Klavier)<\/li>\n\n\n\n<li>Gespr\u00e4chsrunde zum Thema Humus, Bodenlebewesen &amp; Kreisl\u00e4ufen<\/li>\n<\/ul>\n\n\n\n<p id=\"block-13016b29-a964-4891-878a-db4e2c8ac2a2\">Dazu gibt es<\/p>\n\n\n\n<ul class=\"wp-block-list\" id=\"block-eed15dae-b9bd-4fae-a2ca-551f2b826995\">\n<li>ein Wandposter f\u00fcr\u2019s Klassenzimmer \/ Kindergarten \/ etc.<\/li>\n\n\n\n<li>ein Notenblatt zum Nachspielen und Singen des Liedes &#8220;Was muss, das muss!&#8221;<\/li>\n\n\n\n<li>Elefanten-Ausmalbild f\u00fcr jedes Kind<\/li>\n<\/ul>\n\n\n\n<p>Sonstiges<\/p>\n\n\n\n<p><strong>Alter<\/strong> f\u00fcr Kinder ab 3 Jahren, f\u00fcr Kinder und Erwachsene oder nur f\u00fcr Erwachsene mit anschliessendem Vortrag &amp; Podiumsdiskussion mit einem Fachreferenten unserer Kooperationspartner<br><br><strong>L\u00e4nge<\/strong> ca 40min<br><br><strong>Als Vor- oder Zwischenprogramm<\/strong> (30 &#8211; 40min) auf einer Veranstaltung oder abendf\u00fcllend mit anschliessendem Konzert (<a rel=\"noreferrer noopener\" href=\"https:\/\/www.someware.de\/fruitbowl\/domestik.php\" target=\"_blank\">Domestik<\/a>, <a rel=\"noreferrer noopener\" href=\"https:\/\/www.someware.de\/fruitbowl\/duodomestiko.php\" target=\"_blank\">Duo Domestiko<\/a>, <a rel=\"noreferrer noopener\" href=\"https:\/\/www.someware.de\/fruitbowl\/lmdsh.php\" target=\"_blank\">La Manera<\/a>)<br><br><strong>Veranstaltungsort<\/strong> gerne bei Euch zu Hause als Wohnzimmerkonzert, an der Gartenh\u00fctte oder Kinderg\u00e4rten, Schulen, B\u00fcchereien, im Kulturverein, Eurer Lieblingsbar oder auf M\u00e4rkten, in der Festhalle, im Bier- oder Zirkuszelt<\/p>\n\n\n\n<h2 class=\"wp-block-heading\" id=\"block-b427073a-39f0-4328-bcf5-5ff2429f0938\">Lesung mit Autor und Zeichner<\/h2>\n\n\n\n<ul class=\"wp-block-list\" id=\"block-b558d390-6fec-4a61-9f0a-b8f08a0f218e\">\n<li>zus\u00e4tzlich Live Schnellzeichnen w\u00e4hrend der Lesung mit dem Illustrator des Buches Horacio Pelayo<\/li>\n<\/ul>\n\n\n\n<p id=\"block-8d49695b-e955-4637-9516-15b4a7e6b9bc\">Dazu gibt es zus\u00e4tzlich<\/p>\n\n\n\n<ul class=\"wp-block-list\" id=\"block-1366a49b-d9be-4b08-9c24-057d3ca80943\">\n<li>individuelles Bild als Geschenk an die Klasse \/ Gruppe<\/li>\n<\/ul>\n\n\n\n<h2 class=\"wp-block-heading\" id=\"block-c69c07a7-db92-4c38-983e-11376fe8a392\">Anregung!<\/h2>\n\n\n\n<p id=\"block-6656fa99-0fd6-4d42-9808-515b38198b59\">Bei einer Buchung zu einer Lesung w\u00e4re es sch\u00f6n, wenn Sie das Buch vorab selbst lesen und bei Gefallen einen (Eltern)brief verfassen, in dem das Buch empfohlen wird. \u2013 Herzlichen Dank!<\/p>\n\n\n\n<h2 class=\"wp-block-heading\">Lesung anfragen<\/h2>\n\n\n\n<div class=\"wp-block-contact-form-7-contact-form-selector\">\n<div class=\"wpcf7 no-js\" id=\"wpcf7-f639-o1\" lang=\"de-DE\" dir=\"ltr\">\n<div class=\"screen-reader-response\"><p role=\"status\" aria-live=\"polite\" aria-atomic=\"true\"><\/p> <ul><\/ul><\/div>\n<form action=\"\/fruitbowl\/wordpress\/wp-json\/wp\/v2\/pages\/635#wpcf7-f639-o1\" method=\"post\" class=\"wpcf7-form init\" aria-label=\"Kontaktformular\" novalidate=\"novalidate\" data-status=\"init\">\n<div style=\"display: none;\">\n<input type=\"hidden\" name=\"_wpcf7\" value=\"639\" \/>\n<input type=\"hidden\" name=\"_wpcf7_version\" value=\"5.8\" \/>\n<input type=\"hidden\" name=\"_wpcf7_locale\" value=\"de_DE\" \/>\n<input type=\"hidden\" name=\"_wpcf7_unit_tag\" value=\"wpcf7-f639-o1\" \/>\n<input type=\"hidden\" name=\"_wpcf7_container_post\" value=\"0\" \/>\n<input type=\"hidden\" name=\"_wpcf7_posted_data_hash\" value=\"\" \/>\n<\/div>\n<p><label> Vorname \/ Nombre \/ First name <span class=\"wpcf7-form-control-wrap\" data-name=\"vorname\"><input size=\"40\" class=\"wpcf7-form-control wpcf7-text wpcf7-validates-as-required\" aria-required=\"true\" aria-invalid=\"false\" value=\"\" type=\"text\" name=\"vorname\" \/><\/span> <\/label><br \/>\n<label> Nachname \/ Apellido \/ Last name <span class=\"wpcf7-form-control-wrap\" data-name=\"nachname\"><input size=\"40\" class=\"wpcf7-form-control wpcf7-text wpcf7-validates-as-required\" aria-required=\"true\" aria-invalid=\"false\" value=\"\" type=\"text\" name=\"nachname\" \/><\/span> <\/label><br \/>\n<label> Adresse \/ Direcci\u00f3n \/ Address <span class=\"wpcf7-form-control-wrap\" data-name=\"strasse\"><input size=\"40\" class=\"wpcf7-form-control wpcf7-text wpcf7-validates-as-required\" aria-required=\"true\" aria-invalid=\"false\" value=\"\" type=\"text\" name=\"strasse\" \/><\/span><\/label><br \/>\n<label> PLZ \/ codigo postal \/ ZIP <span class=\"wpcf7-form-control-wrap\" data-name=\"plz\"><input class=\"wpcf7-form-control wpcf7-number wpcf7-validates-as-required wpcf7-validates-as-number\" aria-required=\"true\" aria-invalid=\"false\" value=\"\" type=\"number\" name=\"plz\" \/><\/span><\/label><br \/>\n<label> Ort \/ ubicaci\u00f3n \/ Place <span class=\"wpcf7-form-control-wrap\" data-name=\"ort\"><input size=\"40\" class=\"wpcf7-form-control wpcf7-text wpcf7-validates-as-required\" aria-required=\"true\" aria-invalid=\"false\" value=\"\" type=\"text\" name=\"ort\" \/><\/span><\/label><br \/>\n<label> E-Mail <span class=\"wpcf7-form-control-wrap\" data-name=\"your-email\"><input size=\"40\" class=\"wpcf7-form-control wpcf7-email wpcf7-validates-as-required wpcf7-text wpcf7-validates-as-email\" aria-required=\"true\" aria-invalid=\"false\" value=\"\" type=\"email\" name=\"your-email\" \/><\/span> <\/label><br \/>\n<label> Telefon \/ tel\u00e9fono \/ phone <span class=\"wpcf7-form-control-wrap\" data-name=\"tel\"><input class=\"wpcf7-form-control wpcf7-number wpcf7-validates-as-number\" aria-invalid=\"false\" value=\"\" type=\"number\" name=\"tel\" \/><\/span> <\/label><br \/>\n<label> Wunschtermin \/ fecha deseada \/ desired date <span class=\"wpcf7-form-control-wrap\" data-name=\"termin\"><input size=\"40\" class=\"wpcf7-form-control wpcf7-text wpcf7-validates-as-required\" aria-required=\"true\" aria-invalid=\"false\" value=\"\" type=\"text\" name=\"termin\" \/><\/span> <\/label><br \/>\n<label> Notiz \/ nota \/ note <span class=\"wpcf7-form-control-wrap\" data-name=\"notiz\"><input size=\"40\" class=\"wpcf7-form-control wpcf7-text\" aria-invalid=\"false\" value=\"\" type=\"text\" name=\"notiz\" \/><\/span> <\/label>\n<\/p>\n<p><input class=\"wpcf7-form-control wpcf7-submit has-spinner\" type=\"submit\" value=\"Senden\" \/>\n<\/p><p style=\"display: none !important;\" class=\"akismet-fields-container\" data-prefix=\"_wpcf7_ak_\"><label>&#916;<textarea name=\"_wpcf7_ak_hp_textarea\" cols=\"45\" rows=\"8\" maxlength=\"100\"><\/textarea><\/label><input type=\"hidden\" id=\"ak_js_1\" name=\"_wpcf7_ak_js\" value=\"217\"\/><script>document.getElementById( \"ak_js_1\" ).setAttribute( \"value\", ( new Date() ).getTime() );<\/script><\/p><div class=\"wpcf7-response-output\" aria-hidden=\"true\"><\/div>\n<\/form>\n<\/div>\n<\/div>\n","protected":false},"excerpt":{"rendered":"<p>Show-Lesung Lesung mit Autor (ca. 40 min) Dazu gibt es Sonstiges Alter f\u00fcr Kinder ab 3 Jahren, f\u00fcr Kinder und Erwachsene oder nur f\u00fcr Erwachsene mit anschliessendem Vortrag &amp; Podiumsdiskussion &hellip; <\/p>\n<p class=\"link-more\"><a href=\"https:\/\/www.someware.de\/fruitbowl\/wordpress\/lesung\/\" class=\"more-link\"><span class=\"screen-reader-text\">\u201eLesung\u201c<\/span> weiterlesen<\/a><\/p>\n","protected":false},"author":1,"featured_media":0,"parent":0,"menu_order":0,"comment_status":"closed","ping_status":"closed","template":"","meta":{"_EventAllDay":false,"_EventTimezone":"","_EventStartDate":"","_EventEndDate":"","_EventStartDateUTC":"","_EventEndDateUTC":"","_EventShowMap":false,"_EventShowMapLink":false,"_EventURL":"","_EventCost":"","_EventCostDescription":"","_EventCurrencySymbol":"","_EventCurrencyCode":"","_EventCurrencyPosition":"","_EventDateTimeSeparator":"","_EventTimeRangeSeparator":"","_EventOrganizerID":[],"_EventVenueID":[],"_OrganizerEmail":"","_OrganizerPhone":"","_OrganizerWebsite":"","_VenueAddress":"","_VenueCity":"","_VenueCountry":"","_VenueProvince":"","_VenueState":"","_VenueZip":"","_VenuePhone":"","_VenueURL":"","_VenueStateProvince":"","_VenueLat":"","_VenueLng":"","_VenueShowMap":false,"_VenueShowMapLink":false,"footnotes":""},"class_list":["post-635","page","type-page","status-publish","hentry"],"_links":{"self":[{"href":"https:\/\/www.someware.de\/fruitbowl\/wordpress\/wp-json\/wp\/v2\/pages\/635","targetHints":{"allow":["GET"]}}],"collection":[{"href":"https:\/\/www.someware.de\/fruitbowl\/wordpress\/wp-json\/wp\/v2\/pages"}],"about":[{"href":"https:\/\/www.someware.de\/fruitbowl\/wordpress\/wp-json\/wp\/v2\/types\/page"}],"author":[{"embeddable":true,"href":"https:\/\/www.someware.de\/fruitbowl\/wordpress\/wp-json\/wp\/v2\/users\/1"}],"replies":[{"embeddable":true,"href":"https:\/\/www.someware.de\/fruitbowl\/wordpress\/wp-json\/wp\/v2\/comments?post=635"}],"version-history":[{"count":7,"href":"https:\/\/www.someware.de\/fruitbowl\/wordpress\/wp-json\/wp\/v2\/pages\/635\/revisions"}],"predecessor-version":[{"id":975,"href":"https:\/\/www.someware.de\/fruitbowl\/wordpress\/wp-json\/wp\/v2\/pages\/635\/revisions\/975"}],"wp:attachment":[{"href":"https:\/\/www.someware.de\/fruitbowl\/wordpress\/wp-json\/wp\/v2\/media?parent=635"}],"curies":[{"name":"wp","href":"https:\/\/api.w.org\/{rel}","templated":true}]}}