{"id":515,"date":"2023-06-01T23:12:06","date_gmt":"2023-06-01T21:12:06","guid":{"rendered":"http:\/\/www.someware.de\/fruitbowl\/wordpress\/?page_id=515"},"modified":"2023-06-29T12:52:47","modified_gmt":"2023-06-29T10:52:47","slug":"ueber-uns","status":"publish","type":"page","link":"https:\/\/www.someware.de\/fruitbowl\/wordpress\/ueber-uns\/","title":{"rendered":"\u00dcber Uns"},"content":{"rendered":"<div class=\"wp-block-image wp-duotone-unset-1\">\n<figure class=\"alignright is-resized\"><img decoding=\"async\" src=\"https:\/\/www.someware.de\/fruitbowl\/wordpress\/wp-content\/uploads\/2023\/06\/2021-09-27-Dominik-Portrait.png\" alt=\"\" class=\"wp-image-650\" width=\"220\" srcset=\"https:\/\/www.someware.de\/fruitbowl\/wordpress\/wp-content\/uploads\/2023\/06\/2021-09-27-Dominik-Portrait.png 536w, https:\/\/www.someware.de\/fruitbowl\/wordpress\/wp-content\/uploads\/2023\/06\/2021-09-27-Dominik-Portrait-298x300.png 298w, https:\/\/www.someware.de\/fruitbowl\/wordpress\/wp-content\/uploads\/2023\/06\/2021-09-27-Dominik-Portrait-150x150.png 150w, https:\/\/www.someware.de\/fruitbowl\/wordpress\/wp-content\/uploads\/2023\/06\/2021-09-27-Dominik-Portrait-100x100.png 100w\" sizes=\"(max-width: 536px) 100vw, 536px\" \/><\/figure>\n<\/div>\n\n\n<p><strong>Dominik Bl\u00f6chl<\/strong><br><br>Born near Ravensburg, Germany in 1978, he has been playing piano, singing and composing since child- hood. He studied sound engineer- ing in Tasmania and plays solo as well as in various band projects.He was introduced to sustainable, ecological thinking and action by his parents. Through an encoun- ter in Stuttgart, he came across Reinhold Bantle in the Black Forest, who in turn told him about Annie Franc\u00e9-Harrar\u2019s book \u201cThe Last Chance for a Future without Need\u201d. This and Christian Kuhtz\u2019s \u201c Einf\u00e4lle statt Abf\u00e4lle \u201c booklets (especially on composting toilets) got Dominik interested in humus improvement and recycling.<br><br><a href=\"http:\/\/www.fruitbowl.net\" target=\"_blank\" rel=\"noreferrer noopener\">www.fruitbowl.net<\/a><br><a href=\"http:\/\/www.terrarica.org\" target=\"_blank\" rel=\"noreferrer noopener\">www.terrarica.org<\/a><br><a href=\"http:\/\/www.relativ.biz\" target=\"_blank\" rel=\"noreferrer noopener\">www.relativ.biz<\/a><\/p>\n\n\n<div class=\"wp-block-image\">\n<figure class=\"alignright is-resized\"><img decoding=\"async\" src=\"https:\/\/www.someware.de\/fruitbowl\/wordpress\/wp-content\/uploads\/2023\/06\/Horacio-Portrait.png\" alt=\"\" class=\"wp-image-651\" width=\"220\" srcset=\"https:\/\/www.someware.de\/fruitbowl\/wordpress\/wp-content\/uploads\/2023\/06\/Horacio-Portrait.png 702w, https:\/\/www.someware.de\/fruitbowl\/wordpress\/wp-content\/uploads\/2023\/06\/Horacio-Portrait-230x300.png 230w\" sizes=\"(max-width: 702px) 100vw, 702px\" \/><\/figure>\n<\/div>\n\n\n<p><strong>Horacio Pelayo<\/strong><br><br>Born in 1985 in Formosa, a pro- vince in northern Argentina, he has been drawing and painting since childhood. At 13, he entered art school and at 17 worked for a local newspaper. His focus was on cari- catures and portraits, and he never stopped painting. After leaving school he travelled around South America selling paintings. He loves to travel! He presents his work in his own exhibitions as well as with other artists, locally and nationally, such as in the project \u201cArgentina paints well\u201d in the cultural centre \u201cRecoleta\u201d in Buenos Aires. Since May 2013 he has been living and working in southern Germany, where he gives workshops in his small studio. There he met Dominik through a mutual friend-<br><br><a href=\"http:\/\/www.artepelayo.com\" target=\"_blank\" rel=\"noreferrer noopener\">www.artepelayo.com<\/a><\/p>\n\n\n<div class=\"wp-block-image\">\n<figure class=\"alignright size-full is-resized\"><img loading=\"lazy\" decoding=\"async\" src=\"https:\/\/www.someware.de\/fruitbowl\/wordpress\/wp-content\/uploads\/2023\/06\/IMG_20220206_101529.jpg\" alt=\"\" class=\"wp-image-682\" width=\"227\" height=\"170\" srcset=\"https:\/\/www.someware.de\/fruitbowl\/wordpress\/wp-content\/uploads\/2023\/06\/IMG_20220206_101529.jpg 1012w, https:\/\/www.someware.de\/fruitbowl\/wordpress\/wp-content\/uploads\/2023\/06\/IMG_20220206_101529-300x225.jpg 300w, https:\/\/www.someware.de\/fruitbowl\/wordpress\/wp-content\/uploads\/2023\/06\/IMG_20220206_101529-768x576.jpg 768w\" sizes=\"auto, (max-width: 227px) 100vw, 227px\" \/><\/figure>\n<\/div>\n\n\n<p><strong>Jasmina Gierer<\/strong><\/p>\n\n\n\n<p>Ich bin Mama eines dreij\u00e4hrigen Sohnes und habe das Privileg in einem wundersch\u00f6nen Haus in Bodnegg zu wohnen. Beruflich habe ich mich vor vielen Jahren zur  Ergotherapeutin ausgebildet. Ich habe ca. zehn Jahre in der Psychiatrie gearbeitet und dabei viele Erfahrungen gesammelt, die mich u.a.  zu dem gemacht haben was ich heute bin. Nun arbeite ich in einem Demeter Betrieb sowie an einer F\u00f6rderschule, in der ich mit den Kids trommel. Ein gro\u00dfer Teil meiner Zeit flie\u00dft nun in das Elefantenprojekt. Ich stehe zu 100% dahinter und freue mich die Botschaft des Buches in der Welt verbreiten zu d\u00fcrfen. Ich k\u00fcmmere mich um den Vertrieb, Buchungen sowie um einen Teil des Managements. Bei immer wiederkehrenden konstruktiven Gespr\u00e4chen mit Dominik au\u00dferhalb des klassischen Familiengesch\u00e4fts kommen uns regelm\u00e4\u00dfig neue Ideen, die wir dann versuchen umzusetzen. <\/p>\n\n\n\n<p>Ich neige dazu Dinge in Frage zu stellen \u2013 schon immer, jedoch immer mehr. Mit meinen wildesten, ungew\u00f6hnlichen Ideen kam ich nicht immer gut in bestehenden, gro\u00dfen Strukturen an und habe mich somit von all dem gel\u00f6st. Ich will was bewegen und bin davon \u00fcberzeugt, dass man dazu neue ungewohnte Wege wagen muss.  <\/p>\n\n\n\n<p>Inzwischen bin ich im Team der freien Naturschule Ravensburg und erweitere somit unseren Wirkungskreis zur Heilung der Erde.<\/p>\n\n\n\n<figure class=\"wp-block-image size-full is-resized\"><a href=\"https:\/\/freie-naturschule.de\/\"><img loading=\"lazy\" decoding=\"async\" src=\"https:\/\/www.someware.de\/fruitbowl\/wordpress\/wp-content\/uploads\/2023\/06\/Logo_neu.jpeg\" alt=\"\" class=\"wp-image-678\" width=\"225\" height=\"158\" srcset=\"https:\/\/www.someware.de\/fruitbowl\/wordpress\/wp-content\/uploads\/2023\/06\/Logo_neu.jpeg 655w, https:\/\/www.someware.de\/fruitbowl\/wordpress\/wp-content\/uploads\/2023\/06\/Logo_neu-300x211.jpeg 300w\" sizes=\"auto, (max-width: 225px) 100vw, 225px\" \/><\/a><\/figure>\n\n\n\n<p><a href=\"https:\/\/freie-naturschule.de\/\" target=\"_blank\" rel=\"noreferrer noopener\">Freie Naturschule Ravensburg<\/a><\/p>\n","protected":false},"excerpt":{"rendered":"<p>Dominik Bl\u00f6chl Born near Ravensburg, Germany in 1978, he has been playing piano, singing and composing since child- hood. He studied sound engineer- ing in Tasmania and plays solo as &hellip; <\/p>\n<p class=\"link-more\"><a href=\"https:\/\/www.someware.de\/fruitbowl\/wordpress\/ueber-uns\/\" class=\"more-link\"><span class=\"screen-reader-text\">\u201e\u00dcber Uns\u201c<\/span> weiterlesen<\/a><\/p>\n","protected":false},"author":1,"featured_media":0,"parent":0,"menu_order":0,"comment_status":"closed","ping_status":"closed","template":"","meta":{"_EventAllDay":false,"_EventTimezone":"","_EventStartDate":"","_EventEndDate":"","_EventStartDateUTC":"","_EventEndDateUTC":"","_EventShowMap":false,"_EventShowMapLink":false,"_EventURL":"","_EventCost":"","_EventCostDescription":"","_EventCurrencySymbol":"","_EventCurrencyCode":"","_EventCurrencyPosition":"","_EventDateTimeSeparator":"","_EventTimeRangeSeparator":"","_EventOrganizerID":[],"_EventVenueID":[],"_OrganizerEmail":"","_OrganizerPhone":"","_OrganizerWebsite":"","_VenueAddress":"","_VenueCity":"","_VenueCountry":"","_VenueProvince":"","_VenueState":"","_VenueZip":"","_VenuePhone":"","_VenueURL":"","_VenueStateProvince":"","_VenueLat":"","_VenueLng":"","_VenueShowMap":false,"_VenueShowMapLink":false,"footnotes":""},"class_list":["post-515","page","type-page","status-publish","hentry"],"_links":{"self":[{"href":"https:\/\/www.someware.de\/fruitbowl\/wordpress\/wp-json\/wp\/v2\/pages\/515","targetHints":{"allow":["GET"]}}],"collection":[{"href":"https:\/\/www.someware.de\/fruitbowl\/wordpress\/wp-json\/wp\/v2\/pages"}],"about":[{"href":"https:\/\/www.someware.de\/fruitbowl\/wordpress\/wp-json\/wp\/v2\/types\/page"}],"author":[{"embeddable":true,"href":"https:\/\/www.someware.de\/fruitbowl\/wordpress\/wp-json\/wp\/v2\/users\/1"}],"replies":[{"embeddable":true,"href":"https:\/\/www.someware.de\/fruitbowl\/wordpress\/wp-json\/wp\/v2\/comments?post=515"}],"version-history":[{"count":13,"href":"https:\/\/www.someware.de\/fruitbowl\/wordpress\/wp-json\/wp\/v2\/pages\/515\/revisions"}],"predecessor-version":[{"id":704,"href":"https:\/\/www.someware.de\/fruitbowl\/wordpress\/wp-json\/wp\/v2\/pages\/515\/revisions\/704"}],"wp:attachment":[{"href":"https:\/\/www.someware.de\/fruitbowl\/wordpress\/wp-json\/wp\/v2\/media?parent=515"}],"curies":[{"name":"wp","href":"https:\/\/api.w.org\/{rel}","templated":true}]}}